{"id":856,"date":"2023-07-11T14:26:01","date_gmt":"2023-07-11T12:26:01","guid":{"rendered":"https:\/\/www.blackswanmarbella.com\/de\/?page_id=856"},"modified":"2023-07-11T14:26:01","modified_gmt":"2023-07-11T12:26:01","slug":"medien","status":"publish","type":"page","link":"https:\/\/www.blackswanmarbella.com\/de\/medien\/","title":{"rendered":"Medien"},"content":{"rendered":"<h1>BlackSwan Mabella in den Medien \u2013 Pressemitteilungen<\/h1>\n<p>&nbsp;<\/p>\n<p><img loading=\"lazy\" decoding=\"async\" class=\"size-large wp-image-922 aligncenter\" src=\"https:\/\/www.blackswanmarbella.com\/wp-content\/uploads\/Black-Swan-Deutsche-Sur-814x1080.jpeg\" alt=\"\" width=\"814\" height=\"1080\" \/><\/p>\n<p style=\"text-align: center;\"><a href=\"https:\/\/www.blackswanmarbella.com\/wp-content\/uploads\/BlackSwan-Nicole-Media.pdf\" target=\"_blank\" rel=\"noopener\"><img loading=\"lazy\" decoding=\"async\" class=\"size-large wp-image-926 aligncenter\" src=\"https:\/\/www.blackswanmarbella.com\/wp-content\/uploads\/BlackSwan-Nicole-Media-Skylounge-748x1080.jpg\" alt=\"\" width=\"748\" height=\"1080\" \/><\/a><a href=\"https:\/\/www.blackswanmarbella.com\/wp-content\/uploads\/BlackSwan-Nicole-Media.pdf\" target=\"_blank\" rel=\"noopener\">PDF Herunterladen<\/a><\/p>\n","protected":false},"excerpt":{"rendered":"<p>BlackSwan Mabella in den Medien \u2013 Pressemitteilungen &nbsp; PDF Herunterladen<\/p>\n","protected":false},"author":1,"featured_media":0,"parent":0,"menu_order":0,"comment_status":"closed","ping_status":"closed","template":"","meta":{"_acf_changed":false,"footnotes":""},"class_list":["post-856","page","type-page","status-publish","hentry"],"acf":[],"yoast_head":"\n<title>Medien - BlackSwan Marbella im Deutsch<\/title>\n<meta name=\"robots\" content=\"index, follow, max-snippet:-1, max-image-preview:large, max-video-preview:-1\" \/>\n<link rel=\"canonical\" href=\"https:\/\/www.blackswanmarbella.com\/de\/medien\/\" \/>\n<meta property=\"og:locale\" content=\"de_DE\" \/>\n<meta property=\"og:type\" content=\"article\" \/>\n<meta property=\"og:title\" content=\"Medien - BlackSwan Marbella im Deutsch\" \/>\n<meta property=\"og:description\" content=\"BlackSwan Mabella in den Medien \u2013 Pressemitteilungen &nbsp; PDF Herunterladen\" \/>\n<meta property=\"og:url\" content=\"https:\/\/www.blackswanmarbella.com\/de\/medien\/\" \/>\n<meta property=\"og:site_name\" content=\"BlackSwan Marbella im Deutsch\" \/>\n<meta property=\"og:image\" content=\"https:\/\/www.blackswanmarbella.com\/wp-content\/uploads\/Black-Swan-Deutsche-Sur-814x1080.jpeg\" \/>\n<meta name=\"twitter:card\" content=\"summary_large_image\" \/>\n<meta name=\"twitter:label1\" content=\"Gesch\u00e4tzte Lesezeit\" \/>\n\t<meta name=\"twitter:data1\" content=\"1\u00a0Minute\" \/>\n<script type=\"application\/ld+json\" class=\"yoast-schema-graph\">{\"@context\":\"https:\/\/schema.org\",\"@graph\":[{\"@type\":\"WebPage\",\"@id\":\"https:\/\/www.blackswanmarbella.com\/de\/medien\/\",\"url\":\"https:\/\/www.blackswanmarbella.com\/de\/medien\/\",\"name\":\"Medien - BlackSwan Marbella im Deutsch\",\"isPartOf\":{\"@id\":\"https:\/\/www.blackswanmarbella.com\/de\/#website\"},\"primaryImageOfPage\":{\"@id\":\"https:\/\/www.blackswanmarbella.com\/de\/medien\/#primaryimage\"},\"image\":{\"@id\":\"https:\/\/www.blackswanmarbella.com\/de\/medien\/#primaryimage\"},\"thumbnailUrl\":\"https:\/\/www.blackswanmarbella.com\/wp-content\/uploads\/Black-Swan-Deutsche-Sur-814x1080.jpeg\",\"datePublished\":\"2023-07-11T12:26:01+00:00\",\"breadcrumb\":{\"@id\":\"https:\/\/www.blackswanmarbella.com\/de\/medien\/#breadcrumb\"},\"inLanguage\":\"de\",\"potentialAction\":[{\"@type\":\"ReadAction\",\"target\":[\"https:\/\/www.blackswanmarbella.com\/de\/medien\/\"]}]},{\"@type\":\"ImageObject\",\"inLanguage\":\"de\",\"@id\":\"https:\/\/www.blackswanmarbella.com\/de\/medien\/#primaryimage\",\"url\":\"https:\/\/www.blackswanmarbella.com\/wp-content\/uploads\/Black-Swan-Deutsche-Sur-814x1080.jpeg\",\"contentUrl\":\"https:\/\/www.blackswanmarbella.com\/wp-content\/uploads\/Black-Swan-Deutsche-Sur-814x1080.jpeg\"},{\"@type\":\"BreadcrumbList\",\"@id\":\"https:\/\/www.blackswanmarbella.com\/de\/medien\/#breadcrumb\",\"itemListElement\":[{\"@type\":\"ListItem\",\"position\":1,\"name\":\"Home\",\"item\":\"https:\/\/www.blackswanmarbella.com\/de\/\"},{\"@type\":\"ListItem\",\"position\":2,\"name\":\"Medien\"}]},{\"@type\":\"WebSite\",\"@id\":\"https:\/\/www.blackswanmarbella.com\/de\/#website\",\"url\":\"https:\/\/www.blackswanmarbella.com\/de\/\",\"name\":\"BlackSwan Marbella im Deutsch\",\"description\":\"Gesch\u00e4ftsm\u00f6glichkeiten f\u00fcr Investoren\",\"potentialAction\":[{\"@type\":\"SearchAction\",\"target\":{\"@type\":\"EntryPoint\",\"urlTemplate\":\"https:\/\/www.blackswanmarbella.com\/de\/?s={search_term_string}\"},\"query-input\":{\"@type\":\"PropertyValueSpecification\",\"valueRequired\":true,\"valueName\":\"search_term_string\"}}],\"inLanguage\":\"de\"}]}<\/script>\n","yoast_head_json":{"title":"Medien - BlackSwan Marbella im Deutsch","robots":{"index":"index","follow":"follow","max-snippet":"max-snippet:-1","max-image-preview":"max-image-preview:large","max-video-preview":"max-video-preview:-1"},"canonical":"https:\/\/www.blackswanmarbella.com\/de\/medien\/","og_locale":"de_DE","og_type":"article","og_title":"Medien - BlackSwan Marbella im Deutsch","og_description":"BlackSwan Mabella in den Medien \u2013 Pressemitteilungen &nbsp; PDF Herunterladen","og_url":"https:\/\/www.blackswanmarbella.com\/de\/medien\/","og_site_name":"BlackSwan Marbella im Deutsch","og_image":[{"url":"https:\/\/www.blackswanmarbella.com\/wp-content\/uploads\/Black-Swan-Deutsche-Sur-814x1080.jpeg","type":"","width":"","height":""}],"twitter_card":"summary_large_image","twitter_misc":{"Gesch\u00e4tzte Lesezeit":"1\u00a0Minute"},"schema":{"@context":"https:\/\/schema.org","@graph":[{"@type":"WebPage","@id":"https:\/\/www.blackswanmarbella.com\/de\/medien\/","url":"https:\/\/www.blackswanmarbella.com\/de\/medien\/","name":"Medien - BlackSwan Marbella im Deutsch","isPartOf":{"@id":"https:\/\/www.blackswanmarbella.com\/de\/#website"},"primaryImageOfPage":{"@id":"https:\/\/www.blackswanmarbella.com\/de\/medien\/#primaryimage"},"image":{"@id":"https:\/\/www.blackswanmarbella.com\/de\/medien\/#primaryimage"},"thumbnailUrl":"https:\/\/www.blackswanmarbella.com\/wp-content\/uploads\/Black-Swan-Deutsche-Sur-814x1080.jpeg","datePublished":"2023-07-11T12:26:01+00:00","breadcrumb":{"@id":"https:\/\/www.blackswanmarbella.com\/de\/medien\/#breadcrumb"},"inLanguage":"de","potentialAction":[{"@type":"ReadAction","target":["https:\/\/www.blackswanmarbella.com\/de\/medien\/"]}]},{"@type":"ImageObject","inLanguage":"de","@id":"https:\/\/www.blackswanmarbella.com\/de\/medien\/#primaryimage","url":"https:\/\/www.blackswanmarbella.com\/wp-content\/uploads\/Black-Swan-Deutsche-Sur-814x1080.jpeg","contentUrl":"https:\/\/www.blackswanmarbella.com\/wp-content\/uploads\/Black-Swan-Deutsche-Sur-814x1080.jpeg"},{"@type":"BreadcrumbList","@id":"https:\/\/www.blackswanmarbella.com\/de\/medien\/#breadcrumb","itemListElement":[{"@type":"ListItem","position":1,"name":"Home","item":"https:\/\/www.blackswanmarbella.com\/de\/"},{"@type":"ListItem","position":2,"name":"Medien"}]},{"@type":"WebSite","@id":"https:\/\/www.blackswanmarbella.com\/de\/#website","url":"https:\/\/www.blackswanmarbella.com\/de\/","name":"BlackSwan Marbella im Deutsch","description":"Gesch\u00e4ftsm\u00f6glichkeiten f\u00fcr Investoren","potentialAction":[{"@type":"SearchAction","target":{"@type":"EntryPoint","urlTemplate":"https:\/\/www.blackswanmarbella.com\/de\/?s={search_term_string}"},"query-input":{"@type":"PropertyValueSpecification","valueRequired":true,"valueName":"search_term_string"}}],"inLanguage":"de"}]}},"_links":{"self":[{"href":"https:\/\/www.blackswanmarbella.com\/de\/wp-json\/wp\/v2\/pages\/856","targetHints":{"allow":["GET"]}}],"collection":[{"href":"https:\/\/www.blackswanmarbella.com\/de\/wp-json\/wp\/v2\/pages"}],"about":[{"href":"https:\/\/www.blackswanmarbella.com\/de\/wp-json\/wp\/v2\/types\/page"}],"author":[{"embeddable":true,"href":"https:\/\/www.blackswanmarbella.com\/de\/wp-json\/wp\/v2\/users\/1"}],"replies":[{"embeddable":true,"href":"https:\/\/www.blackswanmarbella.com\/de\/wp-json\/wp\/v2\/comments?post=856"}],"version-history":[{"count":1,"href":"https:\/\/www.blackswanmarbella.com\/de\/wp-json\/wp\/v2\/pages\/856\/revisions"}],"predecessor-version":[{"id":858,"href":"https:\/\/www.blackswanmarbella.com\/de\/wp-json\/wp\/v2\/pages\/856\/revisions\/858"}],"wp:attachment":[{"href":"https:\/\/www.blackswanmarbella.com\/de\/wp-json\/wp\/v2\/media?parent=856"}],"curies":[{"name":"wp","href":"https:\/\/api.w.org\/{rel}","templated":true}]}}