{"id":2,"date":"2017-02-10T19:12:18","date_gmt":"2017-02-10T19:12:18","guid":{"rendered":"http:\/\/www.blackswanmarbella.com\/de\/?page_id=2"},"modified":"2020-07-03T13:54:29","modified_gmt":"2020-07-03T11:54:29","slug":"home","status":"publish","type":"page","link":"https:\/\/www.blackswanmarbella.com\/de\/","title":{"rendered":"Home"},"content":{"rendered":"<h1>Willkommen bei Black Swan Marbella International!<\/h1>\n<blockquote><p>Vertrauen, Nachhaltigkeit und Integrit\u00e4t ist unsere Basis, auf der wir ein transparentes<br \/>\nund eine offene Gesch\u00e4ftsgrundlage bilden.<\/p><\/blockquote>\n\t<div class=\"gridable gridable--row\" >\n\t\t\t<div class=\"gridable--col col-6\" >\n\t\t<p>Black Swan Marbella International ist darauf spezialisiert, Gesch\u00e4ftsm\u00f6glichkeiten f\u00fcr Investoren, Investmentfonds und Private Equity im Immobiliensektor zu schaffen und anzubieten.<\/p>\t<\/div>\n\t<div class=\"gridable--col col-6\" >\n\t\t<p>Unsere professionellen Dienstleistungen reichen von innovativen und zeitgerechten architektonischen Entw\u00fcrfen \u00fcber Bau- und Gesch\u00e4ftsmanagement bis hin zu Beratung in allen Fragen rund um Ihre Investition.<\/p>\n<p>Unser internationales, gebildetes und spezialisiertes Team bietet die richtige Mischung, um jede Unternehmung zum Erfolg zu f\u00fchren.<\/p>\t<\/div>\n\t<\/div>\n\n<p>&nbsp;<\/p>\n<div class=\"gallery\"><ul><li class=\"first\"><a href=\"\/de\/company\/\" class=\"no-lightbox\"><img loading=\"lazy\" decoding=\"async\" src=\"https:\/\/www.blackswanmarbella.com\/de\/wp-content\/uploads\/sites\/3\/BlackSwan-Marbella-company-456x273.jpg\" width=\"456\" height=\"273\" alt=\"\" \/>\n<span class=\"caption\">Company<\/span><\/a><\/li><li><a href=\"\/de\/team\/\" class=\"no-lightbox\"><img loading=\"lazy\" decoding=\"async\" src=\"https:\/\/www.blackswanmarbella.com\/de\/wp-content\/uploads\/sites\/3\/BlackSwan-Team-456x273.jpg\" width=\"456\" height=\"273\" alt=\"\" \/>\n<span class=\"caption\">Team<\/span><\/a><\/li><li><a href=\"\/de\/services\/\" class=\"no-lightbox\"><img loading=\"lazy\" decoding=\"async\" src=\"https:\/\/www.blackswanmarbella.com\/de\/wp-content\/uploads\/sites\/3\/project-management-services-456x273.jpg\" width=\"456\" height=\"273\" alt=\"\" \/>\n<span class=\"caption\">Services<\/span><\/a><\/li><li class=\"first\"><a href=\"\/de\/projekte\/\" class=\"no-lightbox\"><img loading=\"lazy\" decoding=\"async\" src=\"https:\/\/www.blackswanmarbella.com\/de\/wp-content\/uploads\/sites\/3\/construction-projects-456x273.jpg\" width=\"456\" height=\"273\" alt=\"\" \/>\n<span class=\"caption\">Projekte<\/span><\/a><\/li><li><a href=\"\/de\/investitionen\/\" class=\"no-lightbox\"><img loading=\"lazy\" decoding=\"async\" src=\"https:\/\/www.blackswanmarbella.com\/de\/wp-content\/uploads\/sites\/3\/investment-opportunities-456x273.jpg\" width=\"456\" height=\"273\" alt=\"\" \/>\n<span class=\"caption\">Investitionen<\/span><\/a><\/li><\/ul><\/div><div class=\"cl\"><\/div>\n","protected":false},"excerpt":{"rendered":"<p>Willkommen bei Black Swan Marbella International! Vertrauen, Nachhaltigkeit und Integrit\u00e4t ist unsere Basis, auf der wir ein transparentes und eine offene Gesch\u00e4ftsgrundlage bilden. &nbsp;<\/p>\n","protected":false},"author":1,"featured_media":398,"parent":0,"menu_order":0,"comment_status":"closed","ping_status":"open","template":"","meta":{"_acf_changed":false,"footnotes":""},"class_list":["post-2","page","type-page","status-publish","has-post-thumbnail","hentry"],"acf":[],"yoast_head":"\n<title>Home - BlackSwan Marbella im Deutsch<\/title>\n<meta name=\"robots\" content=\"index, follow, max-snippet:-1, max-image-preview:large, max-video-preview:-1\" \/>\n<link rel=\"canonical\" href=\"https:\/\/www.blackswanmarbella.com\/de\/\" \/>\n<meta property=\"og:locale\" content=\"de_DE\" \/>\n<meta property=\"og:type\" content=\"article\" \/>\n<meta property=\"og:title\" content=\"Home - BlackSwan Marbella im Deutsch\" \/>\n<meta property=\"og:description\" content=\"Willkommen bei Black Swan Marbella International! Vertrauen, Nachhaltigkeit und Integrit\u00e4t ist unsere Basis, auf der wir ein transparentes und eine offene Gesch\u00e4ftsgrundlage bilden. &nbsp;\" \/>\n<meta property=\"og:url\" content=\"https:\/\/www.blackswanmarbella.com\/de\/\" \/>\n<meta property=\"og:site_name\" content=\"BlackSwan Marbella im Deutsch\" \/>\n<meta property=\"article:modified_time\" content=\"2020-07-03T11:54:29+00:00\" \/>\n<meta property=\"og:image\" content=\"https:\/\/www.blackswanmarbella.com\/de\/wp-content\/uploads\/sites\/3\/business-opportunities.jpg\" \/>\n\t<meta property=\"og:image:width\" content=\"2048\" \/>\n\t<meta property=\"og:image:height\" content=\"1363\" \/>\n\t<meta property=\"og:image:type\" content=\"image\/jpeg\" \/>\n<meta name=\"twitter:card\" content=\"summary_large_image\" \/>\n<meta name=\"twitter:label1\" content=\"Gesch\u00e4tzte Lesezeit\" \/>\n\t<meta name=\"twitter:data1\" content=\"1\u00a0Minute\" \/>\n<script type=\"application\/ld+json\" class=\"yoast-schema-graph\">{\"@context\":\"https:\/\/schema.org\",\"@graph\":[{\"@type\":\"WebPage\",\"@id\":\"https:\/\/www.blackswanmarbella.com\/de\/\",\"url\":\"https:\/\/www.blackswanmarbella.com\/de\/\",\"name\":\"Home - BlackSwan Marbella im Deutsch\",\"isPartOf\":{\"@id\":\"https:\/\/www.blackswanmarbella.com\/de\/#website\"},\"primaryImageOfPage\":{\"@id\":\"https:\/\/www.blackswanmarbella.com\/de\/#primaryimage\"},\"image\":{\"@id\":\"https:\/\/www.blackswanmarbella.com\/de\/#primaryimage\"},\"thumbnailUrl\":\"https:\/\/www.blackswanmarbella.com\/de\/wp-content\/uploads\/sites\/3\/business-opportunities.jpg\",\"datePublished\":\"2017-02-10T19:12:18+00:00\",\"dateModified\":\"2020-07-03T11:54:29+00:00\",\"breadcrumb\":{\"@id\":\"https:\/\/www.blackswanmarbella.com\/de\/#breadcrumb\"},\"inLanguage\":\"de\",\"potentialAction\":[{\"@type\":\"ReadAction\",\"target\":[\"https:\/\/www.blackswanmarbella.com\/de\/\"]}]},{\"@type\":\"ImageObject\",\"inLanguage\":\"de\",\"@id\":\"https:\/\/www.blackswanmarbella.com\/de\/#primaryimage\",\"url\":\"https:\/\/www.blackswanmarbella.com\/de\/wp-content\/uploads\/sites\/3\/business-opportunities.jpg\",\"contentUrl\":\"https:\/\/www.blackswanmarbella.com\/de\/wp-content\/uploads\/sites\/3\/business-opportunities.jpg\",\"width\":2048,\"height\":1363,\"caption\":\"Investment Opportunities\"},{\"@type\":\"BreadcrumbList\",\"@id\":\"https:\/\/www.blackswanmarbella.com\/de\/#breadcrumb\",\"itemListElement\":[{\"@type\":\"ListItem\",\"position\":1,\"name\":\"Home\",\"item\":\"https:\/\/www.blackswanmarbella.com\/de\/\"},{\"@type\":\"ListItem\",\"position\":2,\"name\":\"Home\"}]},{\"@type\":\"WebSite\",\"@id\":\"https:\/\/www.blackswanmarbella.com\/de\/#website\",\"url\":\"https:\/\/www.blackswanmarbella.com\/de\/\",\"name\":\"BlackSwan Marbella im Deutsch\",\"description\":\"Gesch\u00e4ftsm\u00f6glichkeiten f\u00fcr Investoren\",\"potentialAction\":[{\"@type\":\"SearchAction\",\"target\":{\"@type\":\"EntryPoint\",\"urlTemplate\":\"https:\/\/www.blackswanmarbella.com\/de\/?s={search_term_string}\"},\"query-input\":{\"@type\":\"PropertyValueSpecification\",\"valueRequired\":true,\"valueName\":\"search_term_string\"}}],\"inLanguage\":\"de\"}]}<\/script>\n","yoast_head_json":{"title":"Home - BlackSwan Marbella im Deutsch","robots":{"index":"index","follow":"follow","max-snippet":"max-snippet:-1","max-image-preview":"max-image-preview:large","max-video-preview":"max-video-preview:-1"},"canonical":"https:\/\/www.blackswanmarbella.com\/de\/","og_locale":"de_DE","og_type":"article","og_title":"Home - BlackSwan Marbella im Deutsch","og_description":"Willkommen bei Black Swan Marbella International! Vertrauen, Nachhaltigkeit und Integrit\u00e4t ist unsere Basis, auf der wir ein transparentes und eine offene Gesch\u00e4ftsgrundlage bilden. &nbsp;","og_url":"https:\/\/www.blackswanmarbella.com\/de\/","og_site_name":"BlackSwan Marbella im Deutsch","article_modified_time":"2020-07-03T11:54:29+00:00","og_image":[{"width":2048,"height":1363,"url":"https:\/\/www.blackswanmarbella.com\/de\/wp-content\/uploads\/sites\/3\/business-opportunities.jpg","type":"image\/jpeg"}],"twitter_card":"summary_large_image","twitter_misc":{"Gesch\u00e4tzte Lesezeit":"1\u00a0Minute"},"schema":{"@context":"https:\/\/schema.org","@graph":[{"@type":"WebPage","@id":"https:\/\/www.blackswanmarbella.com\/de\/","url":"https:\/\/www.blackswanmarbella.com\/de\/","name":"Home - BlackSwan Marbella im Deutsch","isPartOf":{"@id":"https:\/\/www.blackswanmarbella.com\/de\/#website"},"primaryImageOfPage":{"@id":"https:\/\/www.blackswanmarbella.com\/de\/#primaryimage"},"image":{"@id":"https:\/\/www.blackswanmarbella.com\/de\/#primaryimage"},"thumbnailUrl":"https:\/\/www.blackswanmarbella.com\/de\/wp-content\/uploads\/sites\/3\/business-opportunities.jpg","datePublished":"2017-02-10T19:12:18+00:00","dateModified":"2020-07-03T11:54:29+00:00","breadcrumb":{"@id":"https:\/\/www.blackswanmarbella.com\/de\/#breadcrumb"},"inLanguage":"de","potentialAction":[{"@type":"ReadAction","target":["https:\/\/www.blackswanmarbella.com\/de\/"]}]},{"@type":"ImageObject","inLanguage":"de","@id":"https:\/\/www.blackswanmarbella.com\/de\/#primaryimage","url":"https:\/\/www.blackswanmarbella.com\/de\/wp-content\/uploads\/sites\/3\/business-opportunities.jpg","contentUrl":"https:\/\/www.blackswanmarbella.com\/de\/wp-content\/uploads\/sites\/3\/business-opportunities.jpg","width":2048,"height":1363,"caption":"Investment Opportunities"},{"@type":"BreadcrumbList","@id":"https:\/\/www.blackswanmarbella.com\/de\/#breadcrumb","itemListElement":[{"@type":"ListItem","position":1,"name":"Home","item":"https:\/\/www.blackswanmarbella.com\/de\/"},{"@type":"ListItem","position":2,"name":"Home"}]},{"@type":"WebSite","@id":"https:\/\/www.blackswanmarbella.com\/de\/#website","url":"https:\/\/www.blackswanmarbella.com\/de\/","name":"BlackSwan Marbella im Deutsch","description":"Gesch\u00e4ftsm\u00f6glichkeiten f\u00fcr Investoren","potentialAction":[{"@type":"SearchAction","target":{"@type":"EntryPoint","urlTemplate":"https:\/\/www.blackswanmarbella.com\/de\/?s={search_term_string}"},"query-input":{"@type":"PropertyValueSpecification","valueRequired":true,"valueName":"search_term_string"}}],"inLanguage":"de"}]}},"_links":{"self":[{"href":"https:\/\/www.blackswanmarbella.com\/de\/wp-json\/wp\/v2\/pages\/2","targetHints":{"allow":["GET"]}}],"collection":[{"href":"https:\/\/www.blackswanmarbella.com\/de\/wp-json\/wp\/v2\/pages"}],"about":[{"href":"https:\/\/www.blackswanmarbella.com\/de\/wp-json\/wp\/v2\/types\/page"}],"author":[{"embeddable":true,"href":"https:\/\/www.blackswanmarbella.com\/de\/wp-json\/wp\/v2\/users\/1"}],"replies":[{"embeddable":true,"href":"https:\/\/www.blackswanmarbella.com\/de\/wp-json\/wp\/v2\/comments?post=2"}],"version-history":[{"count":31,"href":"https:\/\/www.blackswanmarbella.com\/de\/wp-json\/wp\/v2\/pages\/2\/revisions"}],"predecessor-version":[{"id":646,"href":"https:\/\/www.blackswanmarbella.com\/de\/wp-json\/wp\/v2\/pages\/2\/revisions\/646"}],"wp:featuredmedia":[{"embeddable":true,"href":"https:\/\/www.blackswanmarbella.com\/de\/wp-json\/wp\/v2\/media\/398"}],"wp:attachment":[{"href":"https:\/\/www.blackswanmarbella.com\/de\/wp-json\/wp\/v2\/media?parent=2"}],"curies":[{"name":"wp","href":"https:\/\/api.w.org\/{rel}","templated":true}]}}